{"id":71,"date":"2019-07-23T14:04:11","date_gmt":"2019-07-23T12:04:11","guid":{"rendered":"https:\/\/msz-bau.zaft-dresden.de\/?page_id=71"},"modified":"2019-07-23T15:11:29","modified_gmt":"2019-07-23T13:11:29","slug":"unsere-partner","status":"publish","type":"page","link":"https:\/\/mz-bau.zaft-dresden.de\/index.php\/unsere-partner\/","title":{"rendered":"Unsere Partner"},"content":{"rendered":"<p>Wir arbeiten mit Gymnasien und Praxispartnern <span style=\"font-size: 1rem;\">gleicherma\u00dfen<\/span><span style=\"font-size: 1rem;\">\u00a0<\/span><span style=\"font-size: 1rem;\">zusammen.\u00a0<\/span>Unser gemeinsames Ziel ist es, den \u00e4lteren Sch\u00fclern ihre M\u00f6glichkeiten aufzuzeigen, Interesse zu wecken und sie f\u00fcr ein Studium zu gewinnen. Schon zu Beginn ihr praxisbezogenen Diplomstudiums sollen erste\u00a0Verbindungen zwischen Jungstudierenderm und Praxispartner als zuk\u00fcnftigem Arbeitgeber gekn\u00fcpft werden. Dadurch arbeiten die jungen Leute perspektivisch auf ein Ziel nach dem Studienabschluss hin.<\/p>\n<p>Was wir hier schaffen, ist eine Win-Win-Win-Situation:<\/p>\n<ul>\n<li>Die Sch\u00fcler erweitern ihre Wahrnehmung hinsichtlich ihrer M\u00f6glichkeiten und verlieren keine Zeit f\u00fcr Selbstfindung, weil sie sich gar nicht erst suchen m\u00fcssen. Und sie k\u00f6nnen zielgerichtet studieren, ohne Energie auf Selbstzweifel und Zukunfts\u00e4ngste zu verlieren.<\/li>\n<li>Die Hochschule kann neue Studenten begr\u00fc\u00dfen.<\/li>\n<li>Die Unternehmen sichern sich fr\u00fchzeitig zuk\u00fcnftige Mitarbeiter und unterst\u00fctzen die Studenten durch pers\u00f6nliche Betreuung w\u00e4hrend Praktika \/ einer Werkstudentent\u00e4tigkeit \/ der Diplomarbeit, wodurch eine enge Bildung an das Unternehmen entsteht.<\/li>\n<li>Die Studierenden haben im Idealfall ein Einkommen, sodass sie sich nicht mit fachfremden T\u00e4tigkeiten \u00fcber Wasser halten m\u00fcssen.<\/li>\n<\/ul>\n<a class=\"maxbutton-1 maxbutton maxbutton-partner\" href=\"\/index.php\/kontakt\/\"><span class='mb-text'>Kontakt aufnehmen<\/span><\/a>\n","protected":false},"excerpt":{"rendered":"<p>Wir arbeiten mit Gymnasien und Praxispartnern gleicherma\u00dfen\u00a0zusammen.\u00a0Unser gemeinsames Ziel ist es, den \u00e4lteren Sch\u00fclern ihre M\u00f6glichkeiten aufzuzeigen, Interesse zu wecken und sie f\u00fcr ein Studium zu gewinnen. Schon zu Beginn ihr praxisbezogenen Diplomstudiums sollen erste\u00a0Verbindungen zwischen Jungstudierenderm und Praxispartner als zuk\u00fcnftigem Arbeitgeber gekn\u00fcpft werden. Dadurch arbeiten die jungen Leute perspektivisch auf ein Ziel nach dem &hellip; <\/p>\n<p class=\"link-more\"><a href=\"https:\/\/mz-bau.zaft-dresden.de\/index.php\/unsere-partner\/\" class=\"more-link\"><span class=\"screen-reader-text\">\u201eUnsere Partner\u201c<\/span> weiterlesen<\/a><\/p>\n","protected":false},"author":1,"featured_media":0,"parent":0,"menu_order":0,"comment_status":"closed","ping_status":"closed","template":"","meta":{"footnotes":""},"yoast_head":"<!-- This site is optimized with the Yoast SEO plugin v22.7 - https:\/\/yoast.com\/wordpress\/plugins\/seo\/ -->\n<title>Unsere Partner - MZ Bau<\/title>\n<meta name=\"robots\" content=\"index, follow, max-snippet:-1, max-image-preview:large, max-video-preview:-1\" \/>\n<link rel=\"canonical\" href=\"https:\/\/mz-bau.zaft-dresden.de\/index.php\/unsere-partner\/\" \/>\n<meta property=\"og:locale\" content=\"de_DE\" \/>\n<meta property=\"og:type\" content=\"article\" \/>\n<meta property=\"og:title\" content=\"Unsere Partner - MZ Bau\" \/>\n<meta property=\"og:description\" content=\"Wir arbeiten mit Gymnasien und Praxispartnern gleicherma\u00dfen\u00a0zusammen.\u00a0Unser gemeinsames Ziel ist es, den \u00e4lteren Sch\u00fclern ihre M\u00f6glichkeiten aufzuzeigen, Interesse zu wecken und sie f\u00fcr ein Studium zu gewinnen. Schon zu Beginn ihr praxisbezogenen Diplomstudiums sollen erste\u00a0Verbindungen zwischen Jungstudierenderm und Praxispartner als zuk\u00fcnftigem Arbeitgeber gekn\u00fcpft werden. Dadurch arbeiten die jungen Leute perspektivisch auf ein Ziel nach dem &hellip; \u201eUnsere Partner\u201c weiterlesen\" \/>\n<meta property=\"og:url\" content=\"https:\/\/mz-bau.zaft-dresden.de\/index.php\/unsere-partner\/\" \/>\n<meta property=\"og:site_name\" content=\"MZ Bau\" \/>\n<meta property=\"article:modified_time\" content=\"2019-07-23T13:11:29+00:00\" \/>\n<meta name=\"twitter:card\" content=\"summary_large_image\" \/>\n<meta name=\"twitter:label1\" content=\"Gesch\u00e4tzte Lesezeit\" \/>\n\t<meta name=\"twitter:data1\" content=\"1\u00a0Minute\" \/>\n<script type=\"application\/ld+json\" class=\"yoast-schema-graph\">{\"@context\":\"https:\/\/schema.org\",\"@graph\":[{\"@type\":\"WebPage\",\"@id\":\"https:\/\/mz-bau.zaft-dresden.de\/index.php\/unsere-partner\/\",\"url\":\"https:\/\/mz-bau.zaft-dresden.de\/index.php\/unsere-partner\/\",\"name\":\"Unsere Partner - MZ Bau\",\"isPartOf\":{\"@id\":\"https:\/\/mz-bau.zaft-dresden.de\/#website\"},\"datePublished\":\"2019-07-23T12:04:11+00:00\",\"dateModified\":\"2019-07-23T13:11:29+00:00\",\"breadcrumb\":{\"@id\":\"https:\/\/mz-bau.zaft-dresden.de\/index.php\/unsere-partner\/#breadcrumb\"},\"inLanguage\":\"de\",\"potentialAction\":[{\"@type\":\"ReadAction\",\"target\":[\"https:\/\/mz-bau.zaft-dresden.de\/index.php\/unsere-partner\/\"]}]},{\"@type\":\"BreadcrumbList\",\"@id\":\"https:\/\/mz-bau.zaft-dresden.de\/index.php\/unsere-partner\/#breadcrumb\",\"itemListElement\":[{\"@type\":\"ListItem\",\"position\":1,\"name\":\"Startseite\",\"item\":\"https:\/\/mz-bau.zaft-dresden.de\/\"},{\"@type\":\"ListItem\",\"position\":2,\"name\":\"Unsere Partner\"}]},{\"@type\":\"WebSite\",\"@id\":\"https:\/\/mz-bau.zaft-dresden.de\/#website\",\"url\":\"https:\/\/mz-bau.zaft-dresden.de\/\",\"name\":\"MSZ Bau\",\"description\":\"Mittelstandszentrum Bau Sachsen\",\"publisher\":{\"@id\":\"https:\/\/mz-bau.zaft-dresden.de\/#organization\"},\"potentialAction\":[{\"@type\":\"SearchAction\",\"target\":{\"@type\":\"EntryPoint\",\"urlTemplate\":\"https:\/\/mz-bau.zaft-dresden.de\/?s={search_term_string}\"},\"query-input\":\"required name=search_term_string\"}],\"inLanguage\":\"de\"},{\"@type\":\"Organization\",\"@id\":\"https:\/\/mz-bau.zaft-dresden.de\/#organization\",\"name\":\"Mittelstrandszentrum Bau\",\"url\":\"https:\/\/mz-bau.zaft-dresden.de\/\",\"logo\":{\"@type\":\"ImageObject\",\"inLanguage\":\"de\",\"@id\":\"https:\/\/mz-bau.zaft-dresden.de\/#\/schema\/logo\/image\/\",\"url\":\"https:\/\/msz-bau.zaft-dresden.de\/wp-content\/uploads\/2019\/07\/19-06-28-13-51-06-8614.jpg\",\"contentUrl\":\"https:\/\/msz-bau.zaft-dresden.de\/wp-content\/uploads\/2019\/07\/19-06-28-13-51-06-8614.jpg\",\"width\":3264,\"height\":2448,\"caption\":\"Mittelstrandszentrum Bau\"},\"image\":{\"@id\":\"https:\/\/mz-bau.zaft-dresden.de\/#\/schema\/logo\/image\/\"}}]}<\/script>\n<!-- \/ Yoast SEO plugin. -->","yoast_head_json":{"title":"Unsere Partner - MZ Bau","robots":{"index":"index","follow":"follow","max-snippet":"max-snippet:-1","max-image-preview":"max-image-preview:large","max-video-preview":"max-video-preview:-1"},"canonical":"https:\/\/mz-bau.zaft-dresden.de\/index.php\/unsere-partner\/","og_locale":"de_DE","og_type":"article","og_title":"Unsere Partner - MZ Bau","og_description":"Wir arbeiten mit Gymnasien und Praxispartnern gleicherma\u00dfen\u00a0zusammen.\u00a0Unser gemeinsames Ziel ist es, den \u00e4lteren Sch\u00fclern ihre M\u00f6glichkeiten aufzuzeigen, Interesse zu wecken und sie f\u00fcr ein Studium zu gewinnen. Schon zu Beginn ihr praxisbezogenen Diplomstudiums sollen erste\u00a0Verbindungen zwischen Jungstudierenderm und Praxispartner als zuk\u00fcnftigem Arbeitgeber gekn\u00fcpft werden. Dadurch arbeiten die jungen Leute perspektivisch auf ein Ziel nach dem &hellip; \u201eUnsere Partner\u201c weiterlesen","og_url":"https:\/\/mz-bau.zaft-dresden.de\/index.php\/unsere-partner\/","og_site_name":"MZ Bau","article_modified_time":"2019-07-23T13:11:29+00:00","twitter_card":"summary_large_image","twitter_misc":{"Gesch\u00e4tzte Lesezeit":"1\u00a0Minute"},"schema":{"@context":"https:\/\/schema.org","@graph":[{"@type":"WebPage","@id":"https:\/\/mz-bau.zaft-dresden.de\/index.php\/unsere-partner\/","url":"https:\/\/mz-bau.zaft-dresden.de\/index.php\/unsere-partner\/","name":"Unsere Partner - MZ Bau","isPartOf":{"@id":"https:\/\/mz-bau.zaft-dresden.de\/#website"},"datePublished":"2019-07-23T12:04:11+00:00","dateModified":"2019-07-23T13:11:29+00:00","breadcrumb":{"@id":"https:\/\/mz-bau.zaft-dresden.de\/index.php\/unsere-partner\/#breadcrumb"},"inLanguage":"de","potentialAction":[{"@type":"ReadAction","target":["https:\/\/mz-bau.zaft-dresden.de\/index.php\/unsere-partner\/"]}]},{"@type":"BreadcrumbList","@id":"https:\/\/mz-bau.zaft-dresden.de\/index.php\/unsere-partner\/#breadcrumb","itemListElement":[{"@type":"ListItem","position":1,"name":"Startseite","item":"https:\/\/mz-bau.zaft-dresden.de\/"},{"@type":"ListItem","position":2,"name":"Unsere Partner"}]},{"@type":"WebSite","@id":"https:\/\/mz-bau.zaft-dresden.de\/#website","url":"https:\/\/mz-bau.zaft-dresden.de\/","name":"MSZ Bau","description":"Mittelstandszentrum Bau Sachsen","publisher":{"@id":"https:\/\/mz-bau.zaft-dresden.de\/#organization"},"potentialAction":[{"@type":"SearchAction","target":{"@type":"EntryPoint","urlTemplate":"https:\/\/mz-bau.zaft-dresden.de\/?s={search_term_string}"},"query-input":"required name=search_term_string"}],"inLanguage":"de"},{"@type":"Organization","@id":"https:\/\/mz-bau.zaft-dresden.de\/#organization","name":"Mittelstrandszentrum Bau","url":"https:\/\/mz-bau.zaft-dresden.de\/","logo":{"@type":"ImageObject","inLanguage":"de","@id":"https:\/\/mz-bau.zaft-dresden.de\/#\/schema\/logo\/image\/","url":"https:\/\/msz-bau.zaft-dresden.de\/wp-content\/uploads\/2019\/07\/19-06-28-13-51-06-8614.jpg","contentUrl":"https:\/\/msz-bau.zaft-dresden.de\/wp-content\/uploads\/2019\/07\/19-06-28-13-51-06-8614.jpg","width":3264,"height":2448,"caption":"Mittelstrandszentrum Bau"},"image":{"@id":"https:\/\/mz-bau.zaft-dresden.de\/#\/schema\/logo\/image\/"}}]}},"_links":{"self":[{"href":"https:\/\/mz-bau.zaft-dresden.de\/index.php\/wp-json\/wp\/v2\/pages\/71"}],"collection":[{"href":"https:\/\/mz-bau.zaft-dresden.de\/index.php\/wp-json\/wp\/v2\/pages"}],"about":[{"href":"https:\/\/mz-bau.zaft-dresden.de\/index.php\/wp-json\/wp\/v2\/types\/page"}],"author":[{"embeddable":true,"href":"https:\/\/mz-bau.zaft-dresden.de\/index.php\/wp-json\/wp\/v2\/users\/1"}],"replies":[{"embeddable":true,"href":"https:\/\/mz-bau.zaft-dresden.de\/index.php\/wp-json\/wp\/v2\/comments?post=71"}],"version-history":[{"count":11,"href":"https:\/\/mz-bau.zaft-dresden.de\/index.php\/wp-json\/wp\/v2\/pages\/71\/revisions"}],"predecessor-version":[{"id":92,"href":"https:\/\/mz-bau.zaft-dresden.de\/index.php\/wp-json\/wp\/v2\/pages\/71\/revisions\/92"}],"wp:attachment":[{"href":"https:\/\/mz-bau.zaft-dresden.de\/index.php\/wp-json\/wp\/v2\/media?parent=71"}],"curies":[{"name":"wp","href":"https:\/\/api.w.org\/{rel}","templated":true}]}}