{"id":661,"date":"2020-10-16T16:02:24","date_gmt":"2020-10-16T14:02:24","guid":{"rendered":"https:\/\/msz-bau.zaft-dresden.de\/?page_id=661"},"modified":"2024-03-14T15:52:40","modified_gmt":"2024-03-14T14:52:40","slug":"schulprojekte","status":"publish","type":"page","link":"https:\/\/mz-bau.zaft-dresden.de\/index.php\/schulprojekte\/","title":{"rendered":"Schulprojekte"},"content":{"rendered":"<p><strong>Schuljahr 2023\/24<\/strong><\/p>\n<p><strong><em>Teilnahme am Sch\u00fclerwettbewerb Junior.ING der Ingenieurskammer Sachsen<\/em><\/strong><br \/>\n<em>Thema<\/em>: &#8222;Achterbahn &#8211; drunten und dr\u00fcber&#8220;<br \/>\n<em>Aufgabe<\/em>: Entwirf und bau eine Achterbahn aus Fahrbahn und Tragkonstruktion<\/p>\n<p><em style=\"font-size: 1rem;\">Teilnehmende Schulen<\/em><span style=\"font-size: 1rem;\">: <a href=\"https:\/\/mz-bau.zaft-dresden.de\/index.php\/2024\/03\/14\/junior-ing-schuljahr-2023-24-edition-dresden\/\">Gymnasium Dresden-B\u00fcrgerweise<\/a>, Gymnasium Dresden-Klotzsche, <a href=\"https:\/\/mz-bau.zaft-dresden.de\/index.php\/2024\/03\/13\/junior-ing-schuljahr-2023-24-edition-loebau\/\">Geschwister-Scholl-Gymnasium L\u00f6bau<\/a><\/span>, Immanuel-Kant-Gymnasium Wilthen<\/p>\n<p><strong>Schuljahr 2022\/23<\/strong><\/p>\n<p><strong><em>Teilnahme am Sch\u00fclerwettbewerb Junior.ING der Ingenieurskammer Sachsen<\/em><\/strong><br \/>\n<em>Thema<\/em>: &#8222;Br\u00fcckenschlagen&#8220;<br \/>\n<em>Aufgabe<\/em>: Entwirf und bau eine Fu\u00dfg\u00e4nger- und Radfahrerbr\u00fccke<\/p>\n<p><em>Teilnehmende Schulen<\/em>: Gymnasium Dresden-B\u00fcrgerweise, Gymnasium Dresden-Klotzsche, Geschwister-Scholl-Gymnasium L\u00f6bau<\/p>\n<div id='gallery-1' class='gallery galleryid-661 gallery-columns-3 gallery-size-thumbnail'><figure class='gallery-item'>\n\t\t\t<div class='gallery-icon landscape'>\n\t\t\t\t<a href='https:\/\/mz-bau.zaft-dresden.de\/wp-content\/uploads\/2024\/01\/IMG_4626-scaled.jpg'><img decoding=\"async\" width=\"150\" height=\"150\" data-src=\"https:\/\/mz-bau.zaft-dresden.de\/wp-content\/uploads\/2024\/01\/IMG_4626-150x150.jpg\" class=\"attachment-thumbnail size-thumbnail no-lazy lazyload\" alt=\"\" aria-describedby=\"gallery-1-1561\" data-srcset=\"https:\/\/mz-bau.zaft-dresden.de\/wp-content\/uploads\/2024\/01\/IMG_4626-150x150.jpg 150w, https:\/\/mz-bau.zaft-dresden.de\/wp-content\/uploads\/2024\/01\/IMG_4626-100x100.jpg 100w\" data-sizes=\"100vw\" src=\"data:image\/gif;base64,R0lGODlhAQABAAAAACH5BAEKAAEALAAAAAABAAEAAAICTAEAOw==\" style=\"--smush-placeholder-width: 150px; --smush-placeholder-aspect-ratio: 150\/150;\" \/><\/a>\n\t\t\t<\/div>\n\t\t\t\t<figcaption class='wp-caption-text gallery-caption' id='gallery-1-1561'>\n\t\t\t\tSch\u00fcler der Klasse 8 mit ihrer Arbeit &#8222;Eselsbr\u00fccke&#8220;\n\t\t\t\t<\/figcaption><\/figure><figure class='gallery-item'>\n\t\t\t<div class='gallery-icon landscape'>\n\t\t\t\t<a href='https:\/\/mz-bau.zaft-dresden.de\/wp-content\/uploads\/2024\/01\/IMG_4622-scaled.jpg'><img decoding=\"async\" width=\"150\" height=\"150\" data-src=\"https:\/\/mz-bau.zaft-dresden.de\/wp-content\/uploads\/2024\/01\/IMG_4622-150x150.jpg\" class=\"attachment-thumbnail size-thumbnail no-lazy lazyload\" alt=\"\" aria-describedby=\"gallery-1-1562\" data-srcset=\"https:\/\/mz-bau.zaft-dresden.de\/wp-content\/uploads\/2024\/01\/IMG_4622-150x150.jpg 150w, https:\/\/mz-bau.zaft-dresden.de\/wp-content\/uploads\/2024\/01\/IMG_4622-100x100.jpg 100w\" data-sizes=\"100vw\" src=\"data:image\/gif;base64,R0lGODlhAQABAAAAACH5BAEKAAEALAAAAAABAAEAAAICTAEAOw==\" style=\"--smush-placeholder-width: 150px; --smush-placeholder-aspect-ratio: 150\/150;\" \/><\/a>\n\t\t\t<\/div>\n\t\t\t\t<figcaption class='wp-caption-text gallery-caption' id='gallery-1-1562'>\n\t\t\t\tSch\u00fcler der Klasse 9 mit Br\u00fcckenmodell &#8222;Arco Inclinado&#8220;\n\t\t\t\t<\/figcaption><\/figure><figure class='gallery-item'>\n\t\t\t<div class='gallery-icon landscape'>\n\t\t\t\t<a href='https:\/\/mz-bau.zaft-dresden.de\/wp-content\/uploads\/2024\/01\/IMG_4624-scaled.jpg'><img decoding=\"async\" width=\"150\" height=\"150\" data-src=\"https:\/\/mz-bau.zaft-dresden.de\/wp-content\/uploads\/2024\/01\/IMG_4624-150x150.jpg\" class=\"attachment-thumbnail size-thumbnail no-lazy lazyload\" alt=\"\" aria-describedby=\"gallery-1-1563\" data-srcset=\"https:\/\/mz-bau.zaft-dresden.de\/wp-content\/uploads\/2024\/01\/IMG_4624-150x150.jpg 150w, https:\/\/mz-bau.zaft-dresden.de\/wp-content\/uploads\/2024\/01\/IMG_4624-100x100.jpg 100w\" data-sizes=\"100vw\" src=\"data:image\/gif;base64,R0lGODlhAQABAAAAACH5BAEKAAEALAAAAAABAAEAAAICTAEAOw==\" style=\"--smush-placeholder-width: 150px; --smush-placeholder-aspect-ratio: 150\/150;\" \/><\/a>\n\t\t\t<\/div>\n\t\t\t\t<figcaption class='wp-caption-text gallery-caption' id='gallery-1-1563'>\n\t\t\t\tSch\u00fclerin der Klasse 9 mit ihrem Siegermodell &#8222;Br\u00fcckenfisch&#8220;\n\t\t\t\t<\/figcaption><\/figure>\n\t\t<\/div>\n\n<p>&nbsp;<\/p>\n<p><strong>Schuljahr 2021\/22<\/strong><\/p>\n<p><strong><em>Teilnahme am Sch\u00fclerwettbewerb Junior.ING der Ingenieurskammer Sachsen<\/em><\/strong><br \/>\n<em>Thema<\/em>: &#8222;Sprungschanze&#8220;<br \/>\n<em>Aufgabe<\/em>: Entwirf und bau eine Skisprungschanze<\/p>\n<p><em>Teilnehmende Schulen<\/em>: Gymnasium Dresden-B\u00fcrgerweise, Gymnasium Dresden-Klotzsche, Geschwister-Scholl-Gymnasium L\u00f6bau<\/p>\n<div id='gallery-2' class='gallery galleryid-661 gallery-columns-3 gallery-size-thumbnail'><figure class='gallery-item'>\n\t\t\t<div class='gallery-icon portrait'>\n\t\t\t\t<a href='https:\/\/mz-bau.zaft-dresden.de\/wp-content\/uploads\/2022\/03\/IMG_1978-scaled.jpg'><img decoding=\"async\" width=\"150\" height=\"150\" data-src=\"https:\/\/mz-bau.zaft-dresden.de\/wp-content\/uploads\/2022\/03\/IMG_1978-150x150.jpg\" class=\"attachment-thumbnail size-thumbnail no-lazy lazyload\" alt=\"\" aria-describedby=\"gallery-2-1315\" data-srcset=\"https:\/\/mz-bau.zaft-dresden.de\/wp-content\/uploads\/2022\/03\/IMG_1978-150x150.jpg 150w, https:\/\/mz-bau.zaft-dresden.de\/wp-content\/uploads\/2022\/03\/IMG_1978-100x100.jpg 100w\" data-sizes=\"100vw\" src=\"data:image\/gif;base64,R0lGODlhAQABAAAAACH5BAEKAAEALAAAAAABAAEAAAICTAEAOw==\" style=\"--smush-placeholder-width: 150px; --smush-placeholder-aspect-ratio: 150\/150;\" \/><\/a>\n\t\t\t<\/div>\n\t\t\t\t<figcaption class='wp-caption-text gallery-caption' id='gallery-2-1315'>\n\t\t\t\tErarbeitung der Modelle\n\t\t\t\t<\/figcaption><\/figure><figure class='gallery-item'>\n\t\t\t<div class='gallery-icon landscape'>\n\t\t\t\t<a href='https:\/\/mz-bau.zaft-dresden.de\/wp-content\/uploads\/2022\/03\/220304_p_ttl.png'><img decoding=\"async\" width=\"150\" height=\"150\" data-src=\"https:\/\/mz-bau.zaft-dresden.de\/wp-content\/uploads\/2022\/03\/220304_p_ttl-150x150.png\" class=\"attachment-thumbnail size-thumbnail no-lazy lazyload\" alt=\"\" aria-describedby=\"gallery-2-1310\" data-srcset=\"https:\/\/mz-bau.zaft-dresden.de\/wp-content\/uploads\/2022\/03\/220304_p_ttl-150x150.png 150w, https:\/\/mz-bau.zaft-dresden.de\/wp-content\/uploads\/2022\/03\/220304_p_ttl-100x100.png 100w\" data-sizes=\"100vw\" src=\"data:image\/gif;base64,R0lGODlhAQABAAAAACH5BAEKAAEALAAAAAABAAEAAAICTAEAOw==\" style=\"--smush-placeholder-width: 150px; --smush-placeholder-aspect-ratio: 150\/150;\" \/><\/a>\n\t\t\t<\/div>\n\t\t\t\t<figcaption class='wp-caption-text gallery-caption' id='gallery-2-1310'>\n\t\t\t\tDie Schanzenmodelle zur Abgabe bereit\n\t\t\t\t<\/figcaption><\/figure><figure class='gallery-item'>\n\t\t\t<div class='gallery-icon landscape'>\n\t\t\t\t<a href='https:\/\/mz-bau.zaft-dresden.de\/wp-content\/uploads\/2022\/04\/220325_vb.png'><img decoding=\"async\" width=\"150\" height=\"150\" data-src=\"https:\/\/mz-bau.zaft-dresden.de\/wp-content\/uploads\/2022\/04\/220325_vb-150x150.png\" class=\"attachment-thumbnail size-thumbnail no-lazy lazyload\" alt=\"\" aria-describedby=\"gallery-2-1329\" data-srcset=\"https:\/\/mz-bau.zaft-dresden.de\/wp-content\/uploads\/2022\/04\/220325_vb-150x150.png 150w, https:\/\/mz-bau.zaft-dresden.de\/wp-content\/uploads\/2022\/04\/220325_vb-100x100.png 100w\" data-sizes=\"100vw\" src=\"data:image\/gif;base64,R0lGODlhAQABAAAAACH5BAEKAAEALAAAAAABAAEAAAICTAEAOw==\" style=\"--smush-placeholder-width: 150px; --smush-placeholder-aspect-ratio: 150\/150;\" \/><\/a>\n\t\t\t<\/div>\n\t\t\t\t<figcaption class='wp-caption-text gallery-caption' id='gallery-2-1329'>\n\t\t\t\tUnsere teilnehmenden Sch\u00fcler mit ihren Modellen\n\t\t\t\t<\/figcaption><\/figure>\n\t\t<\/div>\n\n<p>Blogbeitr\u00e4ge zum Wettbewerb:<\/p>\n<p style=\"padding-left: 40px;\"><em><a href=\"https:\/\/mz-bau.zaft-dresden.de\/index.php\/2022\/03\/11\/schuelerwettbewerb-junior-ing\/\">Verschanzt und abgesprungen: Sch\u00fcler:innen beim Wettbewerb Junior.ING<\/a><\/em><br \/>\n<em><a href=\"https:\/\/mz-bau.zaft-dresden.de\/index.php\/2022\/04\/01\/kleine-ingenieure-ganz-gross-landespreisverleihung-des-junior-ing-schuelerwettbewerbs\/\">Kleine Ingenieure ganz gro\u00df: Landespreisverleihung des Junior.ING Sch\u00fclerwettbewerbs<\/a><\/em><\/p>\n<p>&nbsp;<\/p>\n","protected":false},"excerpt":{"rendered":"<p>Schuljahr 2023\/24 Teilnahme am Sch\u00fclerwettbewerb Junior.ING der Ingenieurskammer Sachsen Thema: &#8222;Achterbahn &#8211; drunten und dr\u00fcber&#8220; Aufgabe: Entwirf und bau eine Achterbahn aus Fahrbahn und Tragkonstruktion Teilnehmende Schulen: Gymnasium Dresden-B\u00fcrgerweise, Gymnasium Dresden-Klotzsche, Geschwister-Scholl-Gymnasium L\u00f6bau, Immanuel-Kant-Gymnasium Wilthen Schuljahr 2022\/23 Teilnahme am Sch\u00fclerwettbewerb Junior.ING der Ingenieurskammer Sachsen Thema: &#8222;Br\u00fcckenschlagen&#8220; Aufgabe: Entwirf und bau eine Fu\u00dfg\u00e4nger- und Radfahrerbr\u00fccke Teilnehmende &hellip; <\/p>\n<p class=\"link-more\"><a href=\"https:\/\/mz-bau.zaft-dresden.de\/index.php\/schulprojekte\/\" class=\"more-link\"><span class=\"screen-reader-text\">\u201eSchulprojekte\u201c<\/span> weiterlesen<\/a><\/p>\n","protected":false},"author":1,"featured_media":0,"parent":0,"menu_order":0,"comment_status":"closed","ping_status":"closed","template":"","meta":{"footnotes":""},"yoast_head":"<!-- This site is optimized with the Yoast SEO plugin v22.7 - https:\/\/yoast.com\/wordpress\/plugins\/seo\/ -->\n<title>Schulprojekte - MZ Bau<\/title>\n<meta name=\"robots\" content=\"index, follow, max-snippet:-1, max-image-preview:large, max-video-preview:-1\" \/>\n<link rel=\"canonical\" href=\"https:\/\/mz-bau.zaft-dresden.de\/index.php\/schulprojekte\/\" \/>\n<meta property=\"og:locale\" content=\"de_DE\" \/>\n<meta property=\"og:type\" content=\"article\" \/>\n<meta property=\"og:title\" content=\"Schulprojekte - MZ Bau\" \/>\n<meta property=\"og:description\" content=\"Schuljahr 2023\/24 Teilnahme am Sch\u00fclerwettbewerb Junior.ING der Ingenieurskammer Sachsen Thema: &#8222;Achterbahn &#8211; drunten und dr\u00fcber&#8220; Aufgabe: Entwirf und bau eine Achterbahn aus Fahrbahn und Tragkonstruktion Teilnehmende Schulen: Gymnasium Dresden-B\u00fcrgerweise, Gymnasium Dresden-Klotzsche, Geschwister-Scholl-Gymnasium L\u00f6bau, Immanuel-Kant-Gymnasium Wilthen Schuljahr 2022\/23 Teilnahme am Sch\u00fclerwettbewerb Junior.ING der Ingenieurskammer Sachsen Thema: &#8222;Br\u00fcckenschlagen&#8220; Aufgabe: Entwirf und bau eine Fu\u00dfg\u00e4nger- und Radfahrerbr\u00fccke Teilnehmende &hellip; \u201eSchulprojekte\u201c weiterlesen\" \/>\n<meta property=\"og:url\" content=\"https:\/\/mz-bau.zaft-dresden.de\/index.php\/schulprojekte\/\" \/>\n<meta property=\"og:site_name\" content=\"MZ Bau\" \/>\n<meta property=\"article:modified_time\" content=\"2024-03-14T14:52:40+00:00\" \/>\n<meta property=\"og:image\" content=\"https:\/\/mz-bau.zaft-dresden.de\/wp-content\/uploads\/2024\/01\/IMG_4626-150x150.jpg\" \/>\n<meta name=\"twitter:card\" content=\"summary_large_image\" \/>\n<meta name=\"twitter:label1\" content=\"Gesch\u00e4tzte Lesezeit\" \/>\n\t<meta name=\"twitter:data1\" content=\"1\u00a0Minute\" \/>\n<script type=\"application\/ld+json\" class=\"yoast-schema-graph\">{\"@context\":\"https:\/\/schema.org\",\"@graph\":[{\"@type\":\"WebPage\",\"@id\":\"https:\/\/mz-bau.zaft-dresden.de\/index.php\/schulprojekte\/\",\"url\":\"https:\/\/mz-bau.zaft-dresden.de\/index.php\/schulprojekte\/\",\"name\":\"Schulprojekte - MZ Bau\",\"isPartOf\":{\"@id\":\"https:\/\/mz-bau.zaft-dresden.de\/#website\"},\"datePublished\":\"2020-10-16T14:02:24+00:00\",\"dateModified\":\"2024-03-14T14:52:40+00:00\",\"breadcrumb\":{\"@id\":\"https:\/\/mz-bau.zaft-dresden.de\/index.php\/schulprojekte\/#breadcrumb\"},\"inLanguage\":\"de\",\"potentialAction\":[{\"@type\":\"ReadAction\",\"target\":[\"https:\/\/mz-bau.zaft-dresden.de\/index.php\/schulprojekte\/\"]}]},{\"@type\":\"BreadcrumbList\",\"@id\":\"https:\/\/mz-bau.zaft-dresden.de\/index.php\/schulprojekte\/#breadcrumb\",\"itemListElement\":[{\"@type\":\"ListItem\",\"position\":1,\"name\":\"Startseite\",\"item\":\"https:\/\/mz-bau.zaft-dresden.de\/\"},{\"@type\":\"ListItem\",\"position\":2,\"name\":\"Schulprojekte\"}]},{\"@type\":\"WebSite\",\"@id\":\"https:\/\/mz-bau.zaft-dresden.de\/#website\",\"url\":\"https:\/\/mz-bau.zaft-dresden.de\/\",\"name\":\"MSZ Bau\",\"description\":\"Mittelstandszentrum Bau Sachsen\",\"publisher\":{\"@id\":\"https:\/\/mz-bau.zaft-dresden.de\/#organization\"},\"potentialAction\":[{\"@type\":\"SearchAction\",\"target\":{\"@type\":\"EntryPoint\",\"urlTemplate\":\"https:\/\/mz-bau.zaft-dresden.de\/?s={search_term_string}\"},\"query-input\":\"required name=search_term_string\"}],\"inLanguage\":\"de\"},{\"@type\":\"Organization\",\"@id\":\"https:\/\/mz-bau.zaft-dresden.de\/#organization\",\"name\":\"Mittelstrandszentrum Bau\",\"url\":\"https:\/\/mz-bau.zaft-dresden.de\/\",\"logo\":{\"@type\":\"ImageObject\",\"inLanguage\":\"de\",\"@id\":\"https:\/\/mz-bau.zaft-dresden.de\/#\/schema\/logo\/image\/\",\"url\":\"https:\/\/msz-bau.zaft-dresden.de\/wp-content\/uploads\/2019\/07\/19-06-28-13-51-06-8614.jpg\",\"contentUrl\":\"https:\/\/msz-bau.zaft-dresden.de\/wp-content\/uploads\/2019\/07\/19-06-28-13-51-06-8614.jpg\",\"width\":3264,\"height\":2448,\"caption\":\"Mittelstrandszentrum Bau\"},\"image\":{\"@id\":\"https:\/\/mz-bau.zaft-dresden.de\/#\/schema\/logo\/image\/\"}}]}<\/script>\n<!-- \/ Yoast SEO plugin. -->","yoast_head_json":{"title":"Schulprojekte - MZ Bau","robots":{"index":"index","follow":"follow","max-snippet":"max-snippet:-1","max-image-preview":"max-image-preview:large","max-video-preview":"max-video-preview:-1"},"canonical":"https:\/\/mz-bau.zaft-dresden.de\/index.php\/schulprojekte\/","og_locale":"de_DE","og_type":"article","og_title":"Schulprojekte - MZ Bau","og_description":"Schuljahr 2023\/24 Teilnahme am Sch\u00fclerwettbewerb Junior.ING der Ingenieurskammer Sachsen Thema: &#8222;Achterbahn &#8211; drunten und dr\u00fcber&#8220; Aufgabe: Entwirf und bau eine Achterbahn aus Fahrbahn und Tragkonstruktion Teilnehmende Schulen: Gymnasium Dresden-B\u00fcrgerweise, Gymnasium Dresden-Klotzsche, Geschwister-Scholl-Gymnasium L\u00f6bau, Immanuel-Kant-Gymnasium Wilthen Schuljahr 2022\/23 Teilnahme am Sch\u00fclerwettbewerb Junior.ING der Ingenieurskammer Sachsen Thema: &#8222;Br\u00fcckenschlagen&#8220; Aufgabe: Entwirf und bau eine Fu\u00dfg\u00e4nger- und Radfahrerbr\u00fccke Teilnehmende &hellip; \u201eSchulprojekte\u201c weiterlesen","og_url":"https:\/\/mz-bau.zaft-dresden.de\/index.php\/schulprojekte\/","og_site_name":"MZ Bau","article_modified_time":"2024-03-14T14:52:40+00:00","og_image":[{"url":"https:\/\/mz-bau.zaft-dresden.de\/wp-content\/uploads\/2024\/01\/IMG_4626-150x150.jpg"}],"twitter_card":"summary_large_image","twitter_misc":{"Gesch\u00e4tzte Lesezeit":"1\u00a0Minute"},"schema":{"@context":"https:\/\/schema.org","@graph":[{"@type":"WebPage","@id":"https:\/\/mz-bau.zaft-dresden.de\/index.php\/schulprojekte\/","url":"https:\/\/mz-bau.zaft-dresden.de\/index.php\/schulprojekte\/","name":"Schulprojekte - MZ Bau","isPartOf":{"@id":"https:\/\/mz-bau.zaft-dresden.de\/#website"},"datePublished":"2020-10-16T14:02:24+00:00","dateModified":"2024-03-14T14:52:40+00:00","breadcrumb":{"@id":"https:\/\/mz-bau.zaft-dresden.de\/index.php\/schulprojekte\/#breadcrumb"},"inLanguage":"de","potentialAction":[{"@type":"ReadAction","target":["https:\/\/mz-bau.zaft-dresden.de\/index.php\/schulprojekte\/"]}]},{"@type":"BreadcrumbList","@id":"https:\/\/mz-bau.zaft-dresden.de\/index.php\/schulprojekte\/#breadcrumb","itemListElement":[{"@type":"ListItem","position":1,"name":"Startseite","item":"https:\/\/mz-bau.zaft-dresden.de\/"},{"@type":"ListItem","position":2,"name":"Schulprojekte"}]},{"@type":"WebSite","@id":"https:\/\/mz-bau.zaft-dresden.de\/#website","url":"https:\/\/mz-bau.zaft-dresden.de\/","name":"MSZ Bau","description":"Mittelstandszentrum Bau Sachsen","publisher":{"@id":"https:\/\/mz-bau.zaft-dresden.de\/#organization"},"potentialAction":[{"@type":"SearchAction","target":{"@type":"EntryPoint","urlTemplate":"https:\/\/mz-bau.zaft-dresden.de\/?s={search_term_string}"},"query-input":"required name=search_term_string"}],"inLanguage":"de"},{"@type":"Organization","@id":"https:\/\/mz-bau.zaft-dresden.de\/#organization","name":"Mittelstrandszentrum Bau","url":"https:\/\/mz-bau.zaft-dresden.de\/","logo":{"@type":"ImageObject","inLanguage":"de","@id":"https:\/\/mz-bau.zaft-dresden.de\/#\/schema\/logo\/image\/","url":"https:\/\/msz-bau.zaft-dresden.de\/wp-content\/uploads\/2019\/07\/19-06-28-13-51-06-8614.jpg","contentUrl":"https:\/\/msz-bau.zaft-dresden.de\/wp-content\/uploads\/2019\/07\/19-06-28-13-51-06-8614.jpg","width":3264,"height":2448,"caption":"Mittelstrandszentrum Bau"},"image":{"@id":"https:\/\/mz-bau.zaft-dresden.de\/#\/schema\/logo\/image\/"}}]}},"_links":{"self":[{"href":"https:\/\/mz-bau.zaft-dresden.de\/index.php\/wp-json\/wp\/v2\/pages\/661"}],"collection":[{"href":"https:\/\/mz-bau.zaft-dresden.de\/index.php\/wp-json\/wp\/v2\/pages"}],"about":[{"href":"https:\/\/mz-bau.zaft-dresden.de\/index.php\/wp-json\/wp\/v2\/types\/page"}],"author":[{"embeddable":true,"href":"https:\/\/mz-bau.zaft-dresden.de\/index.php\/wp-json\/wp\/v2\/users\/1"}],"replies":[{"embeddable":true,"href":"https:\/\/mz-bau.zaft-dresden.de\/index.php\/wp-json\/wp\/v2\/comments?post=661"}],"version-history":[{"count":11,"href":"https:\/\/mz-bau.zaft-dresden.de\/index.php\/wp-json\/wp\/v2\/pages\/661\/revisions"}],"predecessor-version":[{"id":1657,"href":"https:\/\/mz-bau.zaft-dresden.de\/index.php\/wp-json\/wp\/v2\/pages\/661\/revisions\/1657"}],"wp:attachment":[{"href":"https:\/\/mz-bau.zaft-dresden.de\/index.php\/wp-json\/wp\/v2\/media?parent=661"}],"curies":[{"name":"wp","href":"https:\/\/api.w.org\/{rel}","templated":true}]}}