{"id":24,"date":"2019-07-15T13:31:56","date_gmt":"2019-07-15T11:31:56","guid":{"rendered":"https:\/\/msz-bau.zaft-dresden.de\/?page_id=24"},"modified":"2020-05-20T08:35:11","modified_gmt":"2020-05-20T06:35:11","slug":"das-projekt-und-wir","status":"publish","type":"page","link":"https:\/\/mz-bau.zaft-dresden.de\/index.php\/das-projekt-und-wir\/","title":{"rendered":"Das Projekt und Wir"},"content":{"rendered":"<p>Der Bedarf der Bauwirtschaft an Nachwuchs ist immens und kann inzwischen mit den vorhandenen Ressourcen nicht mehr ausreichend gedeckt werden. Zur Sicherung des k\u00fcnftigen Bedarfs an Baufacharbeitern und Ingenieuren strebt das Mittelstandszentrum Bau (kurz: MSZ Bau) als ein Projekt der Fakult\u00e4t Bauingenieurwesen der Hochschule f\u00fcr Technik und Wirtschaft Dresden (kurz: HTW Dresden) eine Zusammenarbeit mit engagierten Lehrern einerseits und interessierten Bau- und Planungsbetrieben andererseits an, um die Sch\u00fcler der oberen Klassenstufen \u00fcber Bauberufe zu informieren, sie daf\u00fcr zu gewinnen und zugleich vorzeitigen Studienabbr\u00fcchen vorzubeugen. Zugleich wollen wir junge Studenten fr\u00fchzeitig die M\u00f6glichkeit bieten, sich an ein Unternehmen zu binden und mit Perspektive zu studieren.<\/p>\n<p>Besonderes Augenmerk liegt dabei auf den l\u00e4ndlichen Regionen. Wer bereits w\u00e4hrend des Studiums einen zuverl\u00e4ssigen, vertrauensvollen Berufspartner hat, geht nach dem Studium gern in die Heimat zur\u00fcck.<\/p>\n<p>Wir haben uns demnach folgende Ziele gesteckt:<\/p>\n<ul>\n<li>Nachwuchsgewinnung f\u00fcr den Bausektor in den Reihen motivierter und geeigneter Sch\u00fcler.<\/li>\n<li>Wissenstransfer zwischen Hochschule und Praxis, R\u00fcckkopplung der Anforderungen aus der Praxis und st\u00e4rkere Ber\u00fccksichtigung im Ausbildungsprozess.<\/li>\n<li>\u00dcberf\u00fchrung von neuen Entwicklungen in die Praxis \u2013 u.a. durch gemeinsame Erarbeitung von Weiterbildungsangeboten (z.B. Einf\u00fchrung von BIM).<\/li>\n<li>Langfristige Verbesserung der \u00f6ffentlichen Wahrnehmung des Bausektors durch B\u00fcndelung der Aktivit\u00e4ten im Bereich der Werbung und bei Ver\u00f6ffentlichungen.<\/li>\n<li>Aufkl\u00e4rung der Sch\u00fcler \u00fcber Aufgaben und M\u00f6glichkeiten des Bauberufes und den verschiedenen Wegen in den Bauberuf.<\/li>\n<\/ul>\n<p>Als Hochschule vernetzten wir uns mit s\u00e4chsischen Gymnasien und mittelst\u00e4ndischen Bauunternehmen und Planungsb\u00fcros gleicherma\u00dfen. Das MSZ Bau fungiert an dieser Stalle als Drehpunkt, entlastet die Unternehmen hinsichtlich der Jugendarbeit, unterst\u00fctzt die Gymnasien bei der Gewinnung von Praxispartnern im Baugewerbe und koordiniert Schulprojekte.<\/p>\n","protected":false},"excerpt":{"rendered":"<p>Der Bedarf der Bauwirtschaft an Nachwuchs ist immens und kann inzwischen mit den vorhandenen Ressourcen nicht mehr ausreichend gedeckt werden. Zur Sicherung des k\u00fcnftigen Bedarfs an Baufacharbeitern und Ingenieuren strebt das Mittelstandszentrum Bau (kurz: MSZ Bau) als ein Projekt der Fakult\u00e4t Bauingenieurwesen der Hochschule f\u00fcr Technik und Wirtschaft Dresden (kurz: HTW Dresden) eine Zusammenarbeit mit &hellip; <\/p>\n<p class=\"link-more\"><a href=\"https:\/\/mz-bau.zaft-dresden.de\/index.php\/das-projekt-und-wir\/\" class=\"more-link\"><span class=\"screen-reader-text\">\u201eDas Projekt und Wir\u201c<\/span> weiterlesen<\/a><\/p>\n","protected":false},"author":1,"featured_media":0,"parent":0,"menu_order":0,"comment_status":"closed","ping_status":"closed","template":"","meta":{"footnotes":""},"yoast_head":"<!-- This site is optimized with the Yoast SEO plugin v22.7 - https:\/\/yoast.com\/wordpress\/plugins\/seo\/ -->\n<title>Das Projekt und Wir - MZ Bau<\/title>\n<meta name=\"robots\" content=\"index, follow, max-snippet:-1, max-image-preview:large, max-video-preview:-1\" \/>\n<link rel=\"canonical\" href=\"https:\/\/mz-bau.zaft-dresden.de\/index.php\/das-projekt-und-wir\/\" \/>\n<meta property=\"og:locale\" content=\"de_DE\" \/>\n<meta property=\"og:type\" content=\"article\" \/>\n<meta property=\"og:title\" content=\"Das Projekt und Wir - MZ Bau\" \/>\n<meta property=\"og:description\" content=\"Der Bedarf der Bauwirtschaft an Nachwuchs ist immens und kann inzwischen mit den vorhandenen Ressourcen nicht mehr ausreichend gedeckt werden. Zur Sicherung des k\u00fcnftigen Bedarfs an Baufacharbeitern und Ingenieuren strebt das Mittelstandszentrum Bau (kurz: MSZ Bau) als ein Projekt der Fakult\u00e4t Bauingenieurwesen der Hochschule f\u00fcr Technik und Wirtschaft Dresden (kurz: HTW Dresden) eine Zusammenarbeit mit &hellip; \u201eDas Projekt und Wir\u201c weiterlesen\" \/>\n<meta property=\"og:url\" content=\"https:\/\/mz-bau.zaft-dresden.de\/index.php\/das-projekt-und-wir\/\" \/>\n<meta property=\"og:site_name\" content=\"MZ Bau\" \/>\n<meta property=\"article:modified_time\" content=\"2020-05-20T06:35:11+00:00\" \/>\n<meta name=\"twitter:card\" content=\"summary_large_image\" \/>\n<meta name=\"twitter:label1\" content=\"Gesch\u00e4tzte Lesezeit\" \/>\n\t<meta name=\"twitter:data1\" content=\"1\u00a0Minute\" \/>\n<script type=\"application\/ld+json\" class=\"yoast-schema-graph\">{\"@context\":\"https:\/\/schema.org\",\"@graph\":[{\"@type\":\"WebPage\",\"@id\":\"https:\/\/mz-bau.zaft-dresden.de\/index.php\/das-projekt-und-wir\/\",\"url\":\"https:\/\/mz-bau.zaft-dresden.de\/index.php\/das-projekt-und-wir\/\",\"name\":\"Das Projekt und Wir - MZ Bau\",\"isPartOf\":{\"@id\":\"https:\/\/mz-bau.zaft-dresden.de\/#website\"},\"datePublished\":\"2019-07-15T11:31:56+00:00\",\"dateModified\":\"2020-05-20T06:35:11+00:00\",\"breadcrumb\":{\"@id\":\"https:\/\/mz-bau.zaft-dresden.de\/index.php\/das-projekt-und-wir\/#breadcrumb\"},\"inLanguage\":\"de\",\"potentialAction\":[{\"@type\":\"ReadAction\",\"target\":[\"https:\/\/mz-bau.zaft-dresden.de\/index.php\/das-projekt-und-wir\/\"]}]},{\"@type\":\"BreadcrumbList\",\"@id\":\"https:\/\/mz-bau.zaft-dresden.de\/index.php\/das-projekt-und-wir\/#breadcrumb\",\"itemListElement\":[{\"@type\":\"ListItem\",\"position\":1,\"name\":\"Startseite\",\"item\":\"https:\/\/mz-bau.zaft-dresden.de\/\"},{\"@type\":\"ListItem\",\"position\":2,\"name\":\"Das Projekt und Wir\"}]},{\"@type\":\"WebSite\",\"@id\":\"https:\/\/mz-bau.zaft-dresden.de\/#website\",\"url\":\"https:\/\/mz-bau.zaft-dresden.de\/\",\"name\":\"MSZ Bau\",\"description\":\"Mittelstandszentrum Bau Sachsen\",\"publisher\":{\"@id\":\"https:\/\/mz-bau.zaft-dresden.de\/#organization\"},\"potentialAction\":[{\"@type\":\"SearchAction\",\"target\":{\"@type\":\"EntryPoint\",\"urlTemplate\":\"https:\/\/mz-bau.zaft-dresden.de\/?s={search_term_string}\"},\"query-input\":\"required name=search_term_string\"}],\"inLanguage\":\"de\"},{\"@type\":\"Organization\",\"@id\":\"https:\/\/mz-bau.zaft-dresden.de\/#organization\",\"name\":\"Mittelstrandszentrum Bau\",\"url\":\"https:\/\/mz-bau.zaft-dresden.de\/\",\"logo\":{\"@type\":\"ImageObject\",\"inLanguage\":\"de\",\"@id\":\"https:\/\/mz-bau.zaft-dresden.de\/#\/schema\/logo\/image\/\",\"url\":\"https:\/\/msz-bau.zaft-dresden.de\/wp-content\/uploads\/2019\/07\/19-06-28-13-51-06-8614.jpg\",\"contentUrl\":\"https:\/\/msz-bau.zaft-dresden.de\/wp-content\/uploads\/2019\/07\/19-06-28-13-51-06-8614.jpg\",\"width\":3264,\"height\":2448,\"caption\":\"Mittelstrandszentrum Bau\"},\"image\":{\"@id\":\"https:\/\/mz-bau.zaft-dresden.de\/#\/schema\/logo\/image\/\"}}]}<\/script>\n<!-- \/ Yoast SEO plugin. -->","yoast_head_json":{"title":"Das Projekt und Wir - MZ Bau","robots":{"index":"index","follow":"follow","max-snippet":"max-snippet:-1","max-image-preview":"max-image-preview:large","max-video-preview":"max-video-preview:-1"},"canonical":"https:\/\/mz-bau.zaft-dresden.de\/index.php\/das-projekt-und-wir\/","og_locale":"de_DE","og_type":"article","og_title":"Das Projekt und Wir - MZ Bau","og_description":"Der Bedarf der Bauwirtschaft an Nachwuchs ist immens und kann inzwischen mit den vorhandenen Ressourcen nicht mehr ausreichend gedeckt werden. Zur Sicherung des k\u00fcnftigen Bedarfs an Baufacharbeitern und Ingenieuren strebt das Mittelstandszentrum Bau (kurz: MSZ Bau) als ein Projekt der Fakult\u00e4t Bauingenieurwesen der Hochschule f\u00fcr Technik und Wirtschaft Dresden (kurz: HTW Dresden) eine Zusammenarbeit mit &hellip; \u201eDas Projekt und Wir\u201c weiterlesen","og_url":"https:\/\/mz-bau.zaft-dresden.de\/index.php\/das-projekt-und-wir\/","og_site_name":"MZ Bau","article_modified_time":"2020-05-20T06:35:11+00:00","twitter_card":"summary_large_image","twitter_misc":{"Gesch\u00e4tzte Lesezeit":"1\u00a0Minute"},"schema":{"@context":"https:\/\/schema.org","@graph":[{"@type":"WebPage","@id":"https:\/\/mz-bau.zaft-dresden.de\/index.php\/das-projekt-und-wir\/","url":"https:\/\/mz-bau.zaft-dresden.de\/index.php\/das-projekt-und-wir\/","name":"Das Projekt und Wir - MZ Bau","isPartOf":{"@id":"https:\/\/mz-bau.zaft-dresden.de\/#website"},"datePublished":"2019-07-15T11:31:56+00:00","dateModified":"2020-05-20T06:35:11+00:00","breadcrumb":{"@id":"https:\/\/mz-bau.zaft-dresden.de\/index.php\/das-projekt-und-wir\/#breadcrumb"},"inLanguage":"de","potentialAction":[{"@type":"ReadAction","target":["https:\/\/mz-bau.zaft-dresden.de\/index.php\/das-projekt-und-wir\/"]}]},{"@type":"BreadcrumbList","@id":"https:\/\/mz-bau.zaft-dresden.de\/index.php\/das-projekt-und-wir\/#breadcrumb","itemListElement":[{"@type":"ListItem","position":1,"name":"Startseite","item":"https:\/\/mz-bau.zaft-dresden.de\/"},{"@type":"ListItem","position":2,"name":"Das Projekt und Wir"}]},{"@type":"WebSite","@id":"https:\/\/mz-bau.zaft-dresden.de\/#website","url":"https:\/\/mz-bau.zaft-dresden.de\/","name":"MSZ Bau","description":"Mittelstandszentrum Bau Sachsen","publisher":{"@id":"https:\/\/mz-bau.zaft-dresden.de\/#organization"},"potentialAction":[{"@type":"SearchAction","target":{"@type":"EntryPoint","urlTemplate":"https:\/\/mz-bau.zaft-dresden.de\/?s={search_term_string}"},"query-input":"required name=search_term_string"}],"inLanguage":"de"},{"@type":"Organization","@id":"https:\/\/mz-bau.zaft-dresden.de\/#organization","name":"Mittelstrandszentrum Bau","url":"https:\/\/mz-bau.zaft-dresden.de\/","logo":{"@type":"ImageObject","inLanguage":"de","@id":"https:\/\/mz-bau.zaft-dresden.de\/#\/schema\/logo\/image\/","url":"https:\/\/msz-bau.zaft-dresden.de\/wp-content\/uploads\/2019\/07\/19-06-28-13-51-06-8614.jpg","contentUrl":"https:\/\/msz-bau.zaft-dresden.de\/wp-content\/uploads\/2019\/07\/19-06-28-13-51-06-8614.jpg","width":3264,"height":2448,"caption":"Mittelstrandszentrum Bau"},"image":{"@id":"https:\/\/mz-bau.zaft-dresden.de\/#\/schema\/logo\/image\/"}}]}},"_links":{"self":[{"href":"https:\/\/mz-bau.zaft-dresden.de\/index.php\/wp-json\/wp\/v2\/pages\/24"}],"collection":[{"href":"https:\/\/mz-bau.zaft-dresden.de\/index.php\/wp-json\/wp\/v2\/pages"}],"about":[{"href":"https:\/\/mz-bau.zaft-dresden.de\/index.php\/wp-json\/wp\/v2\/types\/page"}],"author":[{"embeddable":true,"href":"https:\/\/mz-bau.zaft-dresden.de\/index.php\/wp-json\/wp\/v2\/users\/1"}],"replies":[{"embeddable":true,"href":"https:\/\/mz-bau.zaft-dresden.de\/index.php\/wp-json\/wp\/v2\/comments?post=24"}],"version-history":[{"count":7,"href":"https:\/\/mz-bau.zaft-dresden.de\/index.php\/wp-json\/wp\/v2\/pages\/24\/revisions"}],"predecessor-version":[{"id":550,"href":"https:\/\/mz-bau.zaft-dresden.de\/index.php\/wp-json\/wp\/v2\/pages\/24\/revisions\/550"}],"wp:attachment":[{"href":"https:\/\/mz-bau.zaft-dresden.de\/index.php\/wp-json\/wp\/v2\/media?parent=24"}],"curies":[{"name":"wp","href":"https:\/\/api.w.org\/{rel}","templated":true}]}}