{"id":2,"date":"2019-06-05T14:52:29","date_gmt":"2019-06-05T12:52:29","guid":{"rendered":"https:\/\/msz-bau.zaft-dresden.de\/wordpress\/?page_id=2"},"modified":"2024-03-20T10:17:05","modified_gmt":"2024-03-20T09:17:05","slug":"beispiel-seite","status":"publish","type":"page","link":"https:\/\/mz-bau.zaft-dresden.de\/","title":{"rendered":"Willkommen beim Mittelstandszentrum Bau Sachsen"},"content":{"rendered":"\r\n<p>&#8212; einer Projektinitiative der <a href=\"https:\/\/www.htw-dresden.de\/hochschule\/fakultaeten\/bauingenieurwesen\"><strong>Fakult\u00e4t Bauingenieurwesen\u00a0<\/strong><\/a>der<a href=\"https:\/\/www.htw-dresden.de\/\">\u00a0<strong>Hochschule f\u00fcr Technik und Wirtschaft Dresden\u00a0<\/strong><\/a>und dem<a href=\"https:\/\/www.zaft-dresden.de\/\"><strong>\u00a0Zentrum f\u00fcr angewandte Forschung und Technologie (ZAFT)<\/strong><\/a>.\u00a0<\/p>\r\n\n<style>\n\t#hotspot-1591 .hotspots-image-container,\n\t#hotspot-1591 .leaflet-container {\n\t\tbackground: #efefef\t}\n\n\t#hotspot-1591 .hotspots-placeholder {\n\t\tbackground: #ffffff;\n\t\tborder: 0 #ffffff solid;\n\t\tcolor: #000000;\n\t}\n\n\t#hotspot-1591 .hotspot-title {\n\t\tcolor: #000000;\n\t}\n\n\t\t\t#hotspot-1591 .hotspot-default {\n\t\t\tstroke-width: 1;\n\t\t\tfill: #ffffff;\n\t\t\tfill-opacity: 0;\n\t\t\tstroke: #ffffff;\n\t\t\tstroke-opacity: 0;\n\t\t}\n\t\t#hotspot-1591 .hotspot-default:hover,\n\t\t#hotspot-1591 .hotspot-default:focus-visible,\n\t\t#hotspot-1591 .hotspot-default.hotspot-active {\n\t\t\tfill: #222222;\n\t\t\tfill-opacity: 0.81;\n\t\t\tstroke: #000000;\n\t\t\tstroke-opacity: 0.81;\n\t\t}\n\t\t#hotspot-1591 .leaflet-tooltip,\n\t#hotspot-1591 .leaflet-rrose-content-wrapper {\n\t\tbackground: #ffffff;\n\t\tborder-color: #ffffff;\n\t\tcolor: #000000;\n\t}\n\n\t#hotspot-1591 a.leaflet-rrose-close-button {\n\t\tcolor: #000000;\n\t}\n\n\t#hotspot-1591 .leaflet-rrose-tip {\n\t\tbackground: #ffffff;\n\t}\n\n\t#hotspot-1591 .leaflet-popup-scrolled {\n\t\tborder-bottom-color: #000000;\n\t\tborder-top-color: #000000;\n\t}\n\n\t#hotspot-1591 .leaflet-tooltip-top:before {\n\t\tborder-top-color: #ffffff;\n\t}\n\n\t#hotspot-1591 .leaflet-tooltip-bottom:before {\n\t\tborder-bottom-color: #ffffff;\n\t}\n\t#hotspot-1591 .leaflet-tooltip-left:before {\n\t\tborder-left-color: #ffffff;\n\t}\n\t#hotspot-1591 .leaflet-tooltip-right:before {\n\t\tborder-right-color: #ffffff;\n\t}\n<\/style>\n\n\t\n\t<div class=\"hotspots-container links-only layout-left event-click\" id=\"hotspot-1591\" data-layout=\"left\" data-trigger=\"click\">\n\t\t<div class=\"hotspots-interaction\">\n\t\t\t<div class=\"hotspots-image-container\">\n\t<img\n\t\twidth=\"1513\"\n\t\theight=\"1144\"\n\t\tsrc=\"https:\/\/mz-bau.zaft-dresden.de\/wp-content\/uploads\/2024\/01\/titel_V2-e1706016713996.png\"\n\t\talt=\"Test Gym\"\n\t\tclass=\"hotspots-image skip-lazy\"\n\t\tusemap=\"#hotspots-image-1591\"\n\t\tdata-image-title=\"Test Gym\"\n\t\tdata-image-description=\"\"\n\t\tdata-event-trigger=\"click\"\n\t\tdata-always-visible=\"false\"\n\t\tdata-id=\"1591\"\n\t\tdata-no-lazy=\"1\"\n\t\tdata-lazy-src=\"\"\n\t\tdata-lazy=\"false\"\n\t\tloading=\"eager\"\n\t\tdata-skip-lazy=\"1\"\n\t\t>\n<\/div>\t\t<\/div>\n\t\t<map name=\"hotspots-image-1591\" class=\"hotspots-map\">\n\t\t\t\t\t\t\t\t\t\t\t<area\n\t\t\t\t\tshape=\"polygon\"\n\t\t\t\t\tcoords=\"512,220,512,49,1062,49,1062,220\"\n\t\t\t\t\thref=\"https:\/\/www.htw-dresden.de\/hochschule\/fakultaeten\/bauingenieurwesen\"\n\t\t\t\t\trel=\"\"\n\t\t\t\t\ttitle=\"HTWD\"\n\t\t\t\t\talt=\"HTWD\"\n\t\t\t\t\tdata-action=\"url\"\n\t\t\t\t\tdata-color-scheme=\"\"\n\t\t\t\t\ttarget=\"_new\"\n\t\t\t\t\tclass=\"url-area\"\n\t\t\t\t\t>\n\t\t\t\t\t\t\t\t\t\t\t<area\n\t\t\t\t\tshape=\"polygon\"\n\t\t\t\t\tcoords=\"6,1127,6,793,259,793,259,1127\"\n\t\t\t\t\thref=\"https:\/\/mz-bau.zaft-dresden.de\/index.php\/praxispartner\/\"\n\t\t\t\t\trel=\"\"\n\t\t\t\t\ttitle=\"Firmen\"\n\t\t\t\t\talt=\"Firmen\"\n\t\t\t\t\tdata-action=\"url\"\n\t\t\t\t\tdata-color-scheme=\"\"\n\t\t\t\t\ttarget=\"\"\n\t\t\t\t\tclass=\"url-area\"\n\t\t\t\t\t>\n\t\t\t\t\t\t\t\t\t\t\t<area\n\t\t\t\t\tshape=\"polygon\"\n\t\t\t\t\tcoords=\"1060,1138,1060,885,1503,885,1503,1138\"\n\t\t\t\t\thref=\"https:\/\/mz-bau.zaft-dresden.de\/index.php\/gymnasien\/\"\n\t\t\t\t\trel=\"\"\n\t\t\t\t\ttitle=\"Schulen\"\n\t\t\t\t\talt=\"Schulen\"\n\t\t\t\t\tdata-action=\"url\"\n\t\t\t\t\tdata-color-scheme=\"\"\n\t\t\t\t\ttarget=\"\"\n\t\t\t\t\tclass=\"url-area\"\n\t\t\t\t\t>\n\t\t\t\t\t<\/map>\n\n\t\t\n\t\t\t\t\t\t\t\t\t\t\t\t<\/div>\n\n\r\n<p>&nbsp;<\/p>\r\n<p>Das Mittelstandszentrum Bau Sachsen (kurz: MZBau) ist \u00a0ein Netzwerk, das die Hochschule f\u00fcr Technik und Wirtschaft Dresden, regionale Praxispartner aus dem Baugewerbe und s\u00e4chsische Gymnasien umspannt.\u00a0 Ziel der Kooperation ist es, den Sch\u00fclern die verschiedenen Karrierewege im Baugewerbe aufzuzeigen. Gemeinsam werben wir f\u00fcr mehr Nachwuchs im Bauwesen und streben nach einer langfristigen Verbesserung der \u00f6ffentlichen Wahrnehmung von Bauberufen.\u00a0<\/p>\r\n<p>&nbsp;<\/p>\r\n<p><em>Lesen Sie <a href=\"https:\/\/mz-bau.zaft-dresden.de\/index.php\/das-projekt-und-wir\/\">hier<\/a> mehr \u00fcber unsere Vision und den Weg dorthin.<\/em><\/p>\r\n<p><em><a href=\"https:\/\/mz-bau.zaft-dresden.de\/index.php\/category\/allgemein\/\">Das<\/a> haben wir bereits geschafft.<\/em><\/p>\r\n<p><\/p>","protected":false},"excerpt":{"rendered":"<p>&#8212; einer Projektinitiative der Fakult\u00e4t Bauingenieurwesen\u00a0der\u00a0Hochschule f\u00fcr Technik und Wirtschaft Dresden\u00a0und dem\u00a0Zentrum f\u00fcr angewandte Forschung und Technologie (ZAFT).\u00a0 &nbsp; Das Mittelstandszentrum Bau Sachsen (kurz: MZBau) ist \u00a0ein Netzwerk, das die Hochschule f\u00fcr Technik und Wirtschaft Dresden, regionale Praxispartner aus dem Baugewerbe und s\u00e4chsische Gymnasien umspannt.\u00a0 Ziel der Kooperation ist es, den Sch\u00fclern die verschiedenen Karrierewege &hellip; <\/p>\n<p class=\"link-more\"><a href=\"https:\/\/mz-bau.zaft-dresden.de\/\" class=\"more-link\"><span class=\"screen-reader-text\">\u201eWillkommen beim Mittelstandszentrum Bau Sachsen\u201c<\/span> weiterlesen<\/a><\/p>\n","protected":false},"author":1,"featured_media":0,"parent":0,"menu_order":0,"comment_status":"closed","ping_status":"open","template":"","meta":{"footnotes":""},"yoast_head":"<!-- This site is optimized with the Yoast SEO plugin v22.7 - https:\/\/yoast.com\/wordpress\/plugins\/seo\/ -->\n<title>Willkommen beim Mittelstandszentrum Bau Sachsen - MZ Bau<\/title>\n<meta name=\"description\" content=\"Beim Mittelstandszentrum Bau geht es um die Vernetzung zwischen Schule, Hochschule und Praxispartnern mit dem Ziel der Nachwuchsgewinnung.\" \/>\n<meta name=\"robots\" content=\"index, follow, max-snippet:-1, max-image-preview:large, max-video-preview:-1\" \/>\n<link rel=\"canonical\" href=\"https:\/\/mz-bau.zaft-dresden.de\/\" \/>\n<meta property=\"og:locale\" content=\"de_DE\" \/>\n<meta property=\"og:type\" content=\"article\" \/>\n<meta property=\"og:title\" content=\"Willkommen beim Mittelstandszentrum Bau Sachsen - MZ Bau\" \/>\n<meta property=\"og:description\" content=\"Beim Mittelstandszentrum Bau geht es um die Vernetzung zwischen Schule, Hochschule und Praxispartnern mit dem Ziel der Nachwuchsgewinnung.\" \/>\n<meta property=\"og:url\" content=\"https:\/\/mz-bau.zaft-dresden.de\/\" \/>\n<meta property=\"og:site_name\" content=\"MZ Bau\" \/>\n<meta property=\"article:modified_time\" content=\"2024-03-20T09:17:05+00:00\" \/>\n<meta name=\"twitter:card\" content=\"summary_large_image\" \/>\n<meta name=\"twitter:label1\" content=\"Gesch\u00e4tzte Lesezeit\" \/>\n\t<meta name=\"twitter:data1\" content=\"1\u00a0Minute\" \/>\n<script type=\"application\/ld+json\" class=\"yoast-schema-graph\">{\"@context\":\"https:\/\/schema.org\",\"@graph\":[{\"@type\":\"WebPage\",\"@id\":\"https:\/\/mz-bau.zaft-dresden.de\/\",\"url\":\"https:\/\/mz-bau.zaft-dresden.de\/\",\"name\":\"Willkommen beim Mittelstandszentrum Bau Sachsen - MZ Bau\",\"isPartOf\":{\"@id\":\"https:\/\/mz-bau.zaft-dresden.de\/#website\"},\"datePublished\":\"2019-06-05T12:52:29+00:00\",\"dateModified\":\"2024-03-20T09:17:05+00:00\",\"description\":\"Beim Mittelstandszentrum Bau geht es um die Vernetzung zwischen Schule, Hochschule und Praxispartnern mit dem Ziel der Nachwuchsgewinnung.\",\"breadcrumb\":{\"@id\":\"https:\/\/mz-bau.zaft-dresden.de\/#breadcrumb\"},\"inLanguage\":\"de\",\"potentialAction\":[{\"@type\":\"ReadAction\",\"target\":[\"https:\/\/mz-bau.zaft-dresden.de\/\"]}]},{\"@type\":\"BreadcrumbList\",\"@id\":\"https:\/\/mz-bau.zaft-dresden.de\/#breadcrumb\",\"itemListElement\":[{\"@type\":\"ListItem\",\"position\":1,\"name\":\"Startseite\",\"item\":\"https:\/\/mz-bau.zaft-dresden.de\/\"},{\"@type\":\"ListItem\",\"position\":2,\"name\":\"Willkommen beim Mittelstandszentrum Bau Sachsen\"}]},{\"@type\":\"WebSite\",\"@id\":\"https:\/\/mz-bau.zaft-dresden.de\/#website\",\"url\":\"https:\/\/mz-bau.zaft-dresden.de\/\",\"name\":\"MSZ Bau\",\"description\":\"Mittelstandszentrum Bau Sachsen\",\"publisher\":{\"@id\":\"https:\/\/mz-bau.zaft-dresden.de\/#organization\"},\"potentialAction\":[{\"@type\":\"SearchAction\",\"target\":{\"@type\":\"EntryPoint\",\"urlTemplate\":\"https:\/\/mz-bau.zaft-dresden.de\/?s={search_term_string}\"},\"query-input\":\"required name=search_term_string\"}],\"inLanguage\":\"de\"},{\"@type\":\"Organization\",\"@id\":\"https:\/\/mz-bau.zaft-dresden.de\/#organization\",\"name\":\"Mittelstrandszentrum Bau\",\"url\":\"https:\/\/mz-bau.zaft-dresden.de\/\",\"logo\":{\"@type\":\"ImageObject\",\"inLanguage\":\"de\",\"@id\":\"https:\/\/mz-bau.zaft-dresden.de\/#\/schema\/logo\/image\/\",\"url\":\"https:\/\/msz-bau.zaft-dresden.de\/wp-content\/uploads\/2019\/07\/19-06-28-13-51-06-8614.jpg\",\"contentUrl\":\"https:\/\/msz-bau.zaft-dresden.de\/wp-content\/uploads\/2019\/07\/19-06-28-13-51-06-8614.jpg\",\"width\":3264,\"height\":2448,\"caption\":\"Mittelstrandszentrum Bau\"},\"image\":{\"@id\":\"https:\/\/mz-bau.zaft-dresden.de\/#\/schema\/logo\/image\/\"}}]}<\/script>\n<!-- \/ Yoast SEO plugin. -->","yoast_head_json":{"title":"Willkommen beim Mittelstandszentrum Bau Sachsen - MZ Bau","description":"Beim Mittelstandszentrum Bau geht es um die Vernetzung zwischen Schule, Hochschule und Praxispartnern mit dem Ziel der Nachwuchsgewinnung.","robots":{"index":"index","follow":"follow","max-snippet":"max-snippet:-1","max-image-preview":"max-image-preview:large","max-video-preview":"max-video-preview:-1"},"canonical":"https:\/\/mz-bau.zaft-dresden.de\/","og_locale":"de_DE","og_type":"article","og_title":"Willkommen beim Mittelstandszentrum Bau Sachsen - MZ Bau","og_description":"Beim Mittelstandszentrum Bau geht es um die Vernetzung zwischen Schule, Hochschule und Praxispartnern mit dem Ziel der Nachwuchsgewinnung.","og_url":"https:\/\/mz-bau.zaft-dresden.de\/","og_site_name":"MZ Bau","article_modified_time":"2024-03-20T09:17:05+00:00","twitter_card":"summary_large_image","twitter_misc":{"Gesch\u00e4tzte Lesezeit":"1\u00a0Minute"},"schema":{"@context":"https:\/\/schema.org","@graph":[{"@type":"WebPage","@id":"https:\/\/mz-bau.zaft-dresden.de\/","url":"https:\/\/mz-bau.zaft-dresden.de\/","name":"Willkommen beim Mittelstandszentrum Bau Sachsen - MZ Bau","isPartOf":{"@id":"https:\/\/mz-bau.zaft-dresden.de\/#website"},"datePublished":"2019-06-05T12:52:29+00:00","dateModified":"2024-03-20T09:17:05+00:00","description":"Beim Mittelstandszentrum Bau geht es um die Vernetzung zwischen Schule, Hochschule und Praxispartnern mit dem Ziel der Nachwuchsgewinnung.","breadcrumb":{"@id":"https:\/\/mz-bau.zaft-dresden.de\/#breadcrumb"},"inLanguage":"de","potentialAction":[{"@type":"ReadAction","target":["https:\/\/mz-bau.zaft-dresden.de\/"]}]},{"@type":"BreadcrumbList","@id":"https:\/\/mz-bau.zaft-dresden.de\/#breadcrumb","itemListElement":[{"@type":"ListItem","position":1,"name":"Startseite","item":"https:\/\/mz-bau.zaft-dresden.de\/"},{"@type":"ListItem","position":2,"name":"Willkommen beim Mittelstandszentrum Bau Sachsen"}]},{"@type":"WebSite","@id":"https:\/\/mz-bau.zaft-dresden.de\/#website","url":"https:\/\/mz-bau.zaft-dresden.de\/","name":"MSZ Bau","description":"Mittelstandszentrum Bau Sachsen","publisher":{"@id":"https:\/\/mz-bau.zaft-dresden.de\/#organization"},"potentialAction":[{"@type":"SearchAction","target":{"@type":"EntryPoint","urlTemplate":"https:\/\/mz-bau.zaft-dresden.de\/?s={search_term_string}"},"query-input":"required name=search_term_string"}],"inLanguage":"de"},{"@type":"Organization","@id":"https:\/\/mz-bau.zaft-dresden.de\/#organization","name":"Mittelstrandszentrum Bau","url":"https:\/\/mz-bau.zaft-dresden.de\/","logo":{"@type":"ImageObject","inLanguage":"de","@id":"https:\/\/mz-bau.zaft-dresden.de\/#\/schema\/logo\/image\/","url":"https:\/\/msz-bau.zaft-dresden.de\/wp-content\/uploads\/2019\/07\/19-06-28-13-51-06-8614.jpg","contentUrl":"https:\/\/msz-bau.zaft-dresden.de\/wp-content\/uploads\/2019\/07\/19-06-28-13-51-06-8614.jpg","width":3264,"height":2448,"caption":"Mittelstrandszentrum Bau"},"image":{"@id":"https:\/\/mz-bau.zaft-dresden.de\/#\/schema\/logo\/image\/"}}]}},"_links":{"self":[{"href":"https:\/\/mz-bau.zaft-dresden.de\/index.php\/wp-json\/wp\/v2\/pages\/2"}],"collection":[{"href":"https:\/\/mz-bau.zaft-dresden.de\/index.php\/wp-json\/wp\/v2\/pages"}],"about":[{"href":"https:\/\/mz-bau.zaft-dresden.de\/index.php\/wp-json\/wp\/v2\/types\/page"}],"author":[{"embeddable":true,"href":"https:\/\/mz-bau.zaft-dresden.de\/index.php\/wp-json\/wp\/v2\/users\/1"}],"replies":[{"embeddable":true,"href":"https:\/\/mz-bau.zaft-dresden.de\/index.php\/wp-json\/wp\/v2\/comments?post=2"}],"version-history":[{"count":25,"href":"https:\/\/mz-bau.zaft-dresden.de\/index.php\/wp-json\/wp\/v2\/pages\/2\/revisions"}],"predecessor-version":[{"id":1664,"href":"https:\/\/mz-bau.zaft-dresden.de\/index.php\/wp-json\/wp\/v2\/pages\/2\/revisions\/1664"}],"wp:attachment":[{"href":"https:\/\/mz-bau.zaft-dresden.de\/index.php\/wp-json\/wp\/v2\/media?parent=2"}],"curies":[{"name":"wp","href":"https:\/\/api.w.org\/{rel}","templated":true}]}}